{"id":2,"date":"2019-04-29T20:21:28","date_gmt":"2019-04-29T18:21:28","guid":{"rendered":"http:\/\/prendre-soin.org\/?page_id=2"},"modified":"2022-05-22T11:44:04","modified_gmt":"2022-05-22T09:44:04","slug":"historique-lanodo","status":"publish","type":"page","link":"https:\/\/prendre-soin.org\/index.php\/historique-lanodo\/","title":{"rendered":"Historique"},"content":{"rendered":"\n<p>Quand on a vu un grand fr\u00e8re en pleine forme mourir de paludisme en une semaine, une maman qui parlait de douleurs dans un sein et qui d\u00e9c\u00e9dera plus tard de cancer de seins sans aucun suivi, un oncle atteint de t\u00e9trapl\u00e9gie suite \u00e0 un AVC sans suivis cons\u00e9quents, et enfin un grand p\u00e8re vieillissant avec une incontinence urinaire et f\u00e9cale mourir certes de vieillesse sans \u00eatre entour\u00e9 par des personnes qualifi\u00e9es pour une meilleure prise en charge, et quand on a pu se rendre compte qu\u2019on peut contribuer \u00e0 faire quelque chose pour am\u00e9liorer les choses, on ne perd pas le temps.<\/p>\n\n\n\n<p>Voil\u00e0 pourquoi nous avons pris sur nous la ferme r\u00e9solution\nd\u2019ouvrir un centre m\u00e9dical dans la pr\u00e9fecture des Lacs, village d\u2019Agbata, lieu\no\u00f9 nous avons acquis un terrain pour ce projet.<\/p>\n\n\n\n<p>Nous essayons de mettre de notre c\u00f4t\u00e9 les personnes qui sont sensibles \u00e0 notre cause, car c\u2019est un projet grandiose. Nous comptons sur l\u2019apport\u00a0 individuel ou collectif<\/p>\n\n\n\n<p><strong>Venez, aidez-nous \u00e0\nredonner du sourire au visage de ceux qui en ont perdu le sens.<\/strong><\/p>\n","protected":false},"excerpt":{"rendered":"<p>Quand on a vu un grand fr\u00e8re en pleine forme mourir de paludisme en une semaine, une maman qui parlait de douleurs dans un sein et qui d\u00e9c\u00e9dera plus tard de cancer de seins sans aucun suivi, un oncle atteint &hellip; <a href=\"https:\/\/prendre-soin.org\/index.php\/historique-lanodo\/\">Continuer la lecture <span class=\"meta-nav\">&rarr;<\/span><\/a><\/p>\n","protected":false},"author":1,"featured_media":0,"parent":0,"menu_order":0,"comment_status":"closed","ping_status":"closed","template":"","meta":{"footnotes":""},"class_list":["post-2","page","type-page","status-publish","hentry"],"yoast_head":"<!-- This site is optimized with the Yoast SEO plugin v23.1 - https:\/\/yoast.com\/wordpress\/plugins\/seo\/ -->\n<title>Historique - Prendre Soin<\/title>\n<meta name=\"robots\" content=\"index, follow, max-snippet:-1, max-image-preview:large, max-video-preview:-1\" \/>\n<link rel=\"canonical\" href=\"https:\/\/prendre-soin.org\/index.php\/historique-lanodo\/\" \/>\n<meta property=\"og:locale\" content=\"fr_FR\" \/>\n<meta property=\"og:type\" content=\"article\" \/>\n<meta property=\"og:title\" content=\"Historique - Prendre Soin\" \/>\n<meta property=\"og:description\" content=\"Quand on a vu un grand fr\u00e8re en pleine forme mourir de paludisme en une semaine, une maman qui parlait de douleurs dans un sein et qui d\u00e9c\u00e9dera plus tard de cancer de seins sans aucun suivi, un oncle atteint &hellip; Continuer la lecture &rarr;\" \/>\n<meta property=\"og:url\" content=\"https:\/\/prendre-soin.org\/index.php\/historique-lanodo\/\" \/>\n<meta property=\"og:site_name\" content=\"Prendre Soin\" \/>\n<meta property=\"article:modified_time\" content=\"2022-05-22T09:44:04+00:00\" \/>\n<meta name=\"twitter:card\" content=\"summary_large_image\" \/>\n<meta name=\"twitter:label1\" content=\"Dur\u00e9e de lecture estim\u00e9e\" \/>\n\t<meta name=\"twitter:data1\" content=\"1 minute\" \/>\n<script type=\"application\/ld+json\" class=\"yoast-schema-graph\">{\"@context\":\"https:\/\/schema.org\",\"@graph\":[{\"@type\":\"WebPage\",\"@id\":\"https:\/\/prendre-soin.org\/index.php\/historique-lanodo\/\",\"url\":\"https:\/\/prendre-soin.org\/index.php\/historique-lanodo\/\",\"name\":\"Historique - Prendre Soin\",\"isPartOf\":{\"@id\":\"https:\/\/prendre-soin.org\/#website\"},\"datePublished\":\"2019-04-29T18:21:28+00:00\",\"dateModified\":\"2022-05-22T09:44:04+00:00\",\"breadcrumb\":{\"@id\":\"https:\/\/prendre-soin.org\/index.php\/historique-lanodo\/#breadcrumb\"},\"inLanguage\":\"fr-FR\",\"potentialAction\":[{\"@type\":\"ReadAction\",\"target\":[\"https:\/\/prendre-soin.org\/index.php\/historique-lanodo\/\"]}]},{\"@type\":\"BreadcrumbList\",\"@id\":\"https:\/\/prendre-soin.org\/index.php\/historique-lanodo\/#breadcrumb\",\"itemListElement\":[{\"@type\":\"ListItem\",\"position\":1,\"name\":\"Accueil\",\"item\":\"https:\/\/prendre-soin.org\/\"},{\"@type\":\"ListItem\",\"position\":2,\"name\":\"Historique\"}]},{\"@type\":\"WebSite\",\"@id\":\"https:\/\/prendre-soin.org\/#website\",\"url\":\"https:\/\/prendre-soin.org\/\",\"name\":\"Prendre Soin\",\"description\":\"Association \u00e0 but non lucratif ayant pour but de donner aux personnes sans ressources l&#039;acc\u00e8s aux soins du dispensaire LANODO\",\"publisher\":{\"@id\":\"https:\/\/prendre-soin.org\/#organization\"},\"potentialAction\":[{\"@type\":\"SearchAction\",\"target\":{\"@type\":\"EntryPoint\",\"urlTemplate\":\"https:\/\/prendre-soin.org\/?s={search_term_string}\"},\"query-input\":\"required name=search_term_string\"}],\"inLanguage\":\"fr-FR\"},{\"@type\":\"Organization\",\"@id\":\"https:\/\/prendre-soin.org\/#organization\",\"name\":\"Prendre Soin\",\"url\":\"https:\/\/prendre-soin.org\/\",\"logo\":{\"@type\":\"ImageObject\",\"inLanguage\":\"fr-FR\",\"@id\":\"https:\/\/prendre-soin.org\/#\/schema\/logo\/image\/\",\"url\":\"https:\/\/prendre-soin.org\/wp-content\/uploads\/2024\/07\/Logo-Prendre-soi-et-mains.png\",\"contentUrl\":\"https:\/\/prendre-soin.org\/wp-content\/uploads\/2024\/07\/Logo-Prendre-soi-et-mains.png\",\"width\":650,\"height\":116,\"caption\":\"Prendre Soin\"},\"image\":{\"@id\":\"https:\/\/prendre-soin.org\/#\/schema\/logo\/image\/\"}}]}<\/script>\n<!-- \/ Yoast SEO plugin. -->","yoast_head_json":{"title":"Historique - Prendre Soin","robots":{"index":"index","follow":"follow","max-snippet":"max-snippet:-1","max-image-preview":"max-image-preview:large","max-video-preview":"max-video-preview:-1"},"canonical":"https:\/\/prendre-soin.org\/index.php\/historique-lanodo\/","og_locale":"fr_FR","og_type":"article","og_title":"Historique - Prendre Soin","og_description":"Quand on a vu un grand fr\u00e8re en pleine forme mourir de paludisme en une semaine, une maman qui parlait de douleurs dans un sein et qui d\u00e9c\u00e9dera plus tard de cancer de seins sans aucun suivi, un oncle atteint &hellip; Continuer la lecture &rarr;","og_url":"https:\/\/prendre-soin.org\/index.php\/historique-lanodo\/","og_site_name":"Prendre Soin","article_modified_time":"2022-05-22T09:44:04+00:00","twitter_card":"summary_large_image","twitter_misc":{"Dur\u00e9e de lecture estim\u00e9e":"1 minute"},"schema":{"@context":"https:\/\/schema.org","@graph":[{"@type":"WebPage","@id":"https:\/\/prendre-soin.org\/index.php\/historique-lanodo\/","url":"https:\/\/prendre-soin.org\/index.php\/historique-lanodo\/","name":"Historique - Prendre Soin","isPartOf":{"@id":"https:\/\/prendre-soin.org\/#website"},"datePublished":"2019-04-29T18:21:28+00:00","dateModified":"2022-05-22T09:44:04+00:00","breadcrumb":{"@id":"https:\/\/prendre-soin.org\/index.php\/historique-lanodo\/#breadcrumb"},"inLanguage":"fr-FR","potentialAction":[{"@type":"ReadAction","target":["https:\/\/prendre-soin.org\/index.php\/historique-lanodo\/"]}]},{"@type":"BreadcrumbList","@id":"https:\/\/prendre-soin.org\/index.php\/historique-lanodo\/#breadcrumb","itemListElement":[{"@type":"ListItem","position":1,"name":"Accueil","item":"https:\/\/prendre-soin.org\/"},{"@type":"ListItem","position":2,"name":"Historique"}]},{"@type":"WebSite","@id":"https:\/\/prendre-soin.org\/#website","url":"https:\/\/prendre-soin.org\/","name":"Prendre Soin","description":"Association \u00e0 but non lucratif ayant pour but de donner aux personnes sans ressources l&#039;acc\u00e8s aux soins du dispensaire LANODO","publisher":{"@id":"https:\/\/prendre-soin.org\/#organization"},"potentialAction":[{"@type":"SearchAction","target":{"@type":"EntryPoint","urlTemplate":"https:\/\/prendre-soin.org\/?s={search_term_string}"},"query-input":"required name=search_term_string"}],"inLanguage":"fr-FR"},{"@type":"Organization","@id":"https:\/\/prendre-soin.org\/#organization","name":"Prendre Soin","url":"https:\/\/prendre-soin.org\/","logo":{"@type":"ImageObject","inLanguage":"fr-FR","@id":"https:\/\/prendre-soin.org\/#\/schema\/logo\/image\/","url":"https:\/\/prendre-soin.org\/wp-content\/uploads\/2024\/07\/Logo-Prendre-soi-et-mains.png","contentUrl":"https:\/\/prendre-soin.org\/wp-content\/uploads\/2024\/07\/Logo-Prendre-soi-et-mains.png","width":650,"height":116,"caption":"Prendre Soin"},"image":{"@id":"https:\/\/prendre-soin.org\/#\/schema\/logo\/image\/"}}]}},"_links":{"self":[{"href":"https:\/\/prendre-soin.org\/index.php\/wp-json\/wp\/v2\/pages\/2","targetHints":{"allow":["GET"]}}],"collection":[{"href":"https:\/\/prendre-soin.org\/index.php\/wp-json\/wp\/v2\/pages"}],"about":[{"href":"https:\/\/prendre-soin.org\/index.php\/wp-json\/wp\/v2\/types\/page"}],"author":[{"embeddable":true,"href":"https:\/\/prendre-soin.org\/index.php\/wp-json\/wp\/v2\/users\/1"}],"replies":[{"embeddable":true,"href":"https:\/\/prendre-soin.org\/index.php\/wp-json\/wp\/v2\/comments?post=2"}],"version-history":[{"count":2,"href":"https:\/\/prendre-soin.org\/index.php\/wp-json\/wp\/v2\/pages\/2\/revisions"}],"predecessor-version":[{"id":78,"href":"https:\/\/prendre-soin.org\/index.php\/wp-json\/wp\/v2\/pages\/2\/revisions\/78"}],"wp:attachment":[{"href":"https:\/\/prendre-soin.org\/index.php\/wp-json\/wp\/v2\/media?parent=2"}],"curies":[{"name":"wp","href":"https:\/\/api.w.org\/{rel}","templated":true}]}}