{"id":344,"date":"2022-05-22T11:15:18","date_gmt":"2022-05-22T09:15:18","guid":{"rendered":"http:\/\/prendre-soin.org\/?page_id=344"},"modified":"2023-02-17T11:11:46","modified_gmt":"2023-02-17T10:11:46","slug":"les-soins","status":"publish","type":"page","link":"https:\/\/prendre-soin.org\/index.php\/les-soins\/","title":{"rendered":"LANODO &#8211; Les Soins"},"content":{"rendered":"\n<p>Consultation 24\/24  &#8211;  <a href=\"https:\/\/prendre-soin.org\/wp-content\/uploads\/2023\/02\/Stat-Frequentation-LANODO-1_230217_110933.pdf\" target=\"_blank\" rel=\"noreferrer noopener\">Statistiques actuelles<\/a><\/p>\n\n\n\n<p>Maternit\u00e9<\/p>\n\n\n\n<p>M\u00e9decine g\u00e9n\u00e9rale<\/p>\n\n\n\n<p>Petite chirurgie<\/p>\n\n\n\n<p>Vaccination<\/p>\n","protected":false},"excerpt":{"rendered":"<p>Consultation 24\/24 &#8211; Statistiques actuelles Maternit\u00e9 M\u00e9decine g\u00e9n\u00e9rale Petite chirurgie Vaccination<\/p>\n","protected":false},"author":1,"featured_media":0,"parent":0,"menu_order":1,"comment_status":"closed","ping_status":"closed","template":"","meta":{"footnotes":""},"class_list":["post-344","page","type-page","status-publish","hentry"],"yoast_head":"<!-- This site is optimized with the Yoast SEO plugin v23.1 - https:\/\/yoast.com\/wordpress\/plugins\/seo\/ -->\n<title>LANODO - Les Soins - Prendre Soin<\/title>\n<meta name=\"robots\" content=\"index, follow, max-snippet:-1, max-image-preview:large, max-video-preview:-1\" \/>\n<link rel=\"canonical\" href=\"https:\/\/prendre-soin.org\/index.php\/les-soins\/\" \/>\n<meta property=\"og:locale\" content=\"fr_FR\" \/>\n<meta property=\"og:type\" content=\"article\" \/>\n<meta property=\"og:title\" content=\"LANODO - Les Soins - Prendre Soin\" \/>\n<meta property=\"og:description\" content=\"Consultation 24\/24 &#8211; Statistiques actuelles Maternit\u00e9 M\u00e9decine g\u00e9n\u00e9rale Petite chirurgie Vaccination\" \/>\n<meta property=\"og:url\" content=\"https:\/\/prendre-soin.org\/index.php\/les-soins\/\" \/>\n<meta property=\"og:site_name\" content=\"Prendre Soin\" \/>\n<meta property=\"article:modified_time\" content=\"2023-02-17T10:11:46+00:00\" \/>\n<meta name=\"twitter:card\" content=\"summary_large_image\" \/>\n<script type=\"application\/ld+json\" class=\"yoast-schema-graph\">{\"@context\":\"https:\/\/schema.org\",\"@graph\":[{\"@type\":\"WebPage\",\"@id\":\"https:\/\/prendre-soin.org\/index.php\/les-soins\/\",\"url\":\"https:\/\/prendre-soin.org\/index.php\/les-soins\/\",\"name\":\"LANODO - Les Soins - Prendre Soin\",\"isPartOf\":{\"@id\":\"https:\/\/prendre-soin.org\/#website\"},\"datePublished\":\"2022-05-22T09:15:18+00:00\",\"dateModified\":\"2023-02-17T10:11:46+00:00\",\"breadcrumb\":{\"@id\":\"https:\/\/prendre-soin.org\/index.php\/les-soins\/#breadcrumb\"},\"inLanguage\":\"fr-FR\",\"potentialAction\":[{\"@type\":\"ReadAction\",\"target\":[\"https:\/\/prendre-soin.org\/index.php\/les-soins\/\"]}]},{\"@type\":\"BreadcrumbList\",\"@id\":\"https:\/\/prendre-soin.org\/index.php\/les-soins\/#breadcrumb\",\"itemListElement\":[{\"@type\":\"ListItem\",\"position\":1,\"name\":\"Accueil\",\"item\":\"https:\/\/prendre-soin.org\/\"},{\"@type\":\"ListItem\",\"position\":2,\"name\":\"LANODO &#8211; Les Soins\"}]},{\"@type\":\"WebSite\",\"@id\":\"https:\/\/prendre-soin.org\/#website\",\"url\":\"https:\/\/prendre-soin.org\/\",\"name\":\"Prendre Soin\",\"description\":\"Association \u00e0 but non lucratif ayant pour but de donner aux personnes sans ressources l&#039;acc\u00e8s aux soins du dispensaire LANODO\",\"publisher\":{\"@id\":\"https:\/\/prendre-soin.org\/#organization\"},\"potentialAction\":[{\"@type\":\"SearchAction\",\"target\":{\"@type\":\"EntryPoint\",\"urlTemplate\":\"https:\/\/prendre-soin.org\/?s={search_term_string}\"},\"query-input\":\"required name=search_term_string\"}],\"inLanguage\":\"fr-FR\"},{\"@type\":\"Organization\",\"@id\":\"https:\/\/prendre-soin.org\/#organization\",\"name\":\"Prendre Soin\",\"url\":\"https:\/\/prendre-soin.org\/\",\"logo\":{\"@type\":\"ImageObject\",\"inLanguage\":\"fr-FR\",\"@id\":\"https:\/\/prendre-soin.org\/#\/schema\/logo\/image\/\",\"url\":\"https:\/\/prendre-soin.org\/wp-content\/uploads\/2024\/07\/Logo-Prendre-soi-et-mains.png\",\"contentUrl\":\"https:\/\/prendre-soin.org\/wp-content\/uploads\/2024\/07\/Logo-Prendre-soi-et-mains.png\",\"width\":650,\"height\":116,\"caption\":\"Prendre Soin\"},\"image\":{\"@id\":\"https:\/\/prendre-soin.org\/#\/schema\/logo\/image\/\"}}]}<\/script>\n<!-- \/ Yoast SEO plugin. -->","yoast_head_json":{"title":"LANODO - Les Soins - Prendre Soin","robots":{"index":"index","follow":"follow","max-snippet":"max-snippet:-1","max-image-preview":"max-image-preview:large","max-video-preview":"max-video-preview:-1"},"canonical":"https:\/\/prendre-soin.org\/index.php\/les-soins\/","og_locale":"fr_FR","og_type":"article","og_title":"LANODO - Les Soins - Prendre Soin","og_description":"Consultation 24\/24 &#8211; Statistiques actuelles Maternit\u00e9 M\u00e9decine g\u00e9n\u00e9rale Petite chirurgie Vaccination","og_url":"https:\/\/prendre-soin.org\/index.php\/les-soins\/","og_site_name":"Prendre Soin","article_modified_time":"2023-02-17T10:11:46+00:00","twitter_card":"summary_large_image","schema":{"@context":"https:\/\/schema.org","@graph":[{"@type":"WebPage","@id":"https:\/\/prendre-soin.org\/index.php\/les-soins\/","url":"https:\/\/prendre-soin.org\/index.php\/les-soins\/","name":"LANODO - Les Soins - Prendre Soin","isPartOf":{"@id":"https:\/\/prendre-soin.org\/#website"},"datePublished":"2022-05-22T09:15:18+00:00","dateModified":"2023-02-17T10:11:46+00:00","breadcrumb":{"@id":"https:\/\/prendre-soin.org\/index.php\/les-soins\/#breadcrumb"},"inLanguage":"fr-FR","potentialAction":[{"@type":"ReadAction","target":["https:\/\/prendre-soin.org\/index.php\/les-soins\/"]}]},{"@type":"BreadcrumbList","@id":"https:\/\/prendre-soin.org\/index.php\/les-soins\/#breadcrumb","itemListElement":[{"@type":"ListItem","position":1,"name":"Accueil","item":"https:\/\/prendre-soin.org\/"},{"@type":"ListItem","position":2,"name":"LANODO &#8211; Les Soins"}]},{"@type":"WebSite","@id":"https:\/\/prendre-soin.org\/#website","url":"https:\/\/prendre-soin.org\/","name":"Prendre Soin","description":"Association \u00e0 but non lucratif ayant pour but de donner aux personnes sans ressources l&#039;acc\u00e8s aux soins du dispensaire LANODO","publisher":{"@id":"https:\/\/prendre-soin.org\/#organization"},"potentialAction":[{"@type":"SearchAction","target":{"@type":"EntryPoint","urlTemplate":"https:\/\/prendre-soin.org\/?s={search_term_string}"},"query-input":"required name=search_term_string"}],"inLanguage":"fr-FR"},{"@type":"Organization","@id":"https:\/\/prendre-soin.org\/#organization","name":"Prendre Soin","url":"https:\/\/prendre-soin.org\/","logo":{"@type":"ImageObject","inLanguage":"fr-FR","@id":"https:\/\/prendre-soin.org\/#\/schema\/logo\/image\/","url":"https:\/\/prendre-soin.org\/wp-content\/uploads\/2024\/07\/Logo-Prendre-soi-et-mains.png","contentUrl":"https:\/\/prendre-soin.org\/wp-content\/uploads\/2024\/07\/Logo-Prendre-soi-et-mains.png","width":650,"height":116,"caption":"Prendre Soin"},"image":{"@id":"https:\/\/prendre-soin.org\/#\/schema\/logo\/image\/"}}]}},"_links":{"self":[{"href":"https:\/\/prendre-soin.org\/index.php\/wp-json\/wp\/v2\/pages\/344","targetHints":{"allow":["GET"]}}],"collection":[{"href":"https:\/\/prendre-soin.org\/index.php\/wp-json\/wp\/v2\/pages"}],"about":[{"href":"https:\/\/prendre-soin.org\/index.php\/wp-json\/wp\/v2\/types\/page"}],"author":[{"embeddable":true,"href":"https:\/\/prendre-soin.org\/index.php\/wp-json\/wp\/v2\/users\/1"}],"replies":[{"embeddable":true,"href":"https:\/\/prendre-soin.org\/index.php\/wp-json\/wp\/v2\/comments?post=344"}],"version-history":[{"count":5,"href":"https:\/\/prendre-soin.org\/index.php\/wp-json\/wp\/v2\/pages\/344\/revisions"}],"predecessor-version":[{"id":409,"href":"https:\/\/prendre-soin.org\/index.php\/wp-json\/wp\/v2\/pages\/344\/revisions\/409"}],"wp:attachment":[{"href":"https:\/\/prendre-soin.org\/index.php\/wp-json\/wp\/v2\/media?parent=344"}],"curies":[{"name":"wp","href":"https:\/\/api.w.org\/{rel}","templated":true}]}}